{"id":231,"date":"2020-04-24T13:54:21","date_gmt":"2020-04-24T18:54:21","guid":{"rendered":"https:\/\/www.lgservis.net\/?page_id=231"},"modified":"2026-03-31T09:28:33","modified_gmt":"2026-03-31T14:28:33","slug":"nosotros","status":"publish","type":"page","link":"https:\/\/www.lgservis.net\/index.php\/nosotros\/","title":{"rendered":"Nosotros"},"content":{"rendered":"\t\t<div data-elementor-type=\"wp-page\" data-elementor-id=\"231\" class=\"elementor elementor-231\">\n\t\t\t\t\t\t<section class=\"elementor-section elementor-top-section elementor-element elementor-element-543c317 elementor-section-stretched elementor-section-boxed elementor-section-height-default elementor-section-height-default\" data-id=\"543c317\" data-element_type=\"section\" data-e-type=\"section\" data-settings=\"{&quot;stretch_section&quot;:&quot;section-stretched&quot;}\">\n\t\t\t\t\t\t<div class=\"elementor-container elementor-column-gap-default\">\n\t\t\t\t\t<div class=\"elementor-column elementor-col-100 elementor-top-column elementor-element elementor-element-0c9f2f2\" data-id=\"0c9f2f2\" data-element_type=\"column\" data-e-type=\"column\">\n\t\t\t<div class=\"elementor-widget-wrap elementor-element-populated\">\n\t\t\t\t\t\t<div class=\"elementor-element elementor-element-4a7959e elementor-widget elementor-widget-heading\" data-id=\"4a7959e\" data-element_type=\"widget\" data-e-type=\"widget\" data-widget_type=\"heading.default\">\n\t\t\t\t<div class=\"elementor-widget-container\">\n\t\t\t\t\t<h2 class=\"elementor-heading-title elementor-size-default\"><b>LG SERVIS S.A.S.<\/b><\/h2>\t\t\t\t<\/div>\n\t\t\t\t<\/div>\n\t\t\t\t<div class=\"elementor-element elementor-element-915286a elementor-widget elementor-widget-text-editor\" data-id=\"915286a\" data-element_type=\"widget\" data-e-type=\"widget\" data-widget_type=\"text-editor.default\">\n\t\t\t\t<div class=\"elementor-widget-container\">\n\t\t\t\t\t\t\t\t\t<p align=\"justify\">Somos una empresa certificada bajo est\u00e1ndares internacionales ISO 9001:2015, ISO 14001:2015 e ISO 45001:2018 que presta servicios de Ingenier\u00eda El\u00e9ctrica. Somos especialistas en la prestaci\u00f3n de servicios de mantenimientos, reparaci\u00f3n, montaje, pruebas, y puesta en servicio de transformadores de distribuci\u00f3n y de potencia, adicionalmente presta el servicio de alquiler de equipos para realizar pruebas de trasformadores de potencia.<\/p><p style=\"text-align: left;\" align=\"justify\">Todos nuestros procesos est\u00e1n enmarcados bajo tres enfoques principales; la seguridad y salud en el trabajo, la gesti\u00f3n de los aspectos e impactos ambientales y la calidad de nuestros servicios. Trabajamos\u00a0arduamente con el fin de ser l\u00edderes en el mercado nacional , aportando valor agregado en cada uno de los proyectos donde somos part\u00edcipes, teniendo como consigna el mejoramiento continuo de los procesos, la especializaci\u00f3n de nuestra mano de obra y el mantenimiento continuo de equipos de \u00faltima tecnolog\u00eda para ofrecer servicios de alta calidad<\/p><p align=\"justify\">Tener un enfoque integrado nos permite ser competitivos en la prestaci\u00f3n de nuestros servicios, generando control y trazabilidad en cada uno de nuestros procesos, llevando m\u00e1s all\u00e1 de los est\u00e1ndares legales el cuidado de la salud de nuestros trabajadores, la gesti\u00f3n del medio ambiente, y la calidad de nuestros servicios, todo lo anterior con el fin de superar las expectativas de nuestros clientes.<\/p>\t\t\t\t\t\t\t\t<\/div>\n\t\t\t\t<\/div>\n\t\t\t\t<div class=\"elementor-element elementor-element-fb6960a elementor-widget-divider--view-line elementor-widget elementor-widget-divider\" data-id=\"fb6960a\" data-element_type=\"widget\" data-e-type=\"widget\" data-widget_type=\"divider.default\">\n\t\t\t\t<div class=\"elementor-widget-container\">\n\t\t\t\t\t\t\t<div class=\"elementor-divider\">\n\t\t\t<span class=\"elementor-divider-separator\">\n\t\t\t\t\t\t<\/span>\n\t\t<\/div>\n\t\t\t\t\t\t<\/div>\n\t\t\t\t<\/div>\n\t\t\t\t<div class=\"elementor-element elementor-element-41a3d94 elementor-widget elementor-widget-spacer\" data-id=\"41a3d94\" data-element_type=\"widget\" data-e-type=\"widget\" data-widget_type=\"spacer.default\">\n\t\t\t\t<div class=\"elementor-widget-container\">\n\t\t\t\t\t\t\t<div class=\"elementor-spacer\">\n\t\t\t<div class=\"elementor-spacer-inner\"><\/div>\n\t\t<\/div>\n\t\t\t\t\t\t<\/div>\n\t\t\t\t<\/div>\n\t\t\t\t\t<\/div>\n\t\t<\/div>\n\t\t\t\t\t<\/div>\n\t\t<\/section>\n\t\t\t\t<section class=\"elementor-section elementor-top-section elementor-element elementor-element-1f6cc14 elementor-section-stretched elementor-section-boxed elementor-section-height-default elementor-section-height-default\" data-id=\"1f6cc14\" data-element_type=\"section\" data-e-type=\"section\" data-settings=\"{&quot;stretch_section&quot;:&quot;section-stretched&quot;}\">\n\t\t\t\t\t\t<div class=\"elementor-container elementor-column-gap-default\">\n\t\t\t\t\t<div class=\"elementor-column elementor-col-50 elementor-top-column elementor-element elementor-element-a27c0a1\" data-id=\"a27c0a1\" data-element_type=\"column\" data-e-type=\"column\">\n\t\t\t<div class=\"elementor-widget-wrap elementor-element-populated\">\n\t\t\t\t\t\t<div class=\"elementor-element elementor-element-8a43439 elementor-view-default elementor-widget elementor-widget-icon\" data-id=\"8a43439\" data-element_type=\"widget\" data-e-type=\"widget\" data-widget_type=\"icon.default\">\n\t\t\t\t<div class=\"elementor-widget-container\">\n\t\t\t\t\t\t\t<div class=\"elementor-icon-wrapper\">\n\t\t\t<div class=\"elementor-icon elementor-animation-pulse\">\n\t\t\t<i aria-hidden=\"true\" class=\"fas fa-chart-line\"><\/i>\t\t\t<\/div>\n\t\t<\/div>\n\t\t\t\t\t\t<\/div>\n\t\t\t\t<\/div>\n\t\t\t\t<div class=\"elementor-element elementor-element-fe5289b elementor-widget elementor-widget-heading\" data-id=\"fe5289b\" data-element_type=\"widget\" data-e-type=\"widget\" data-widget_type=\"heading.default\">\n\t\t\t\t<div class=\"elementor-widget-container\">\n\t\t\t\t\t<h4 class=\"elementor-heading-title elementor-size-default\"><b>Misi\u00f3n<\/b><\/h4>\t\t\t\t<\/div>\n\t\t\t\t<\/div>\n\t\t\t\t<div class=\"elementor-element elementor-element-985ff2a elementor-widget elementor-widget-text-editor\" data-id=\"985ff2a\" data-element_type=\"widget\" data-e-type=\"widget\" data-widget_type=\"text-editor.default\">\n\t\t\t\t<div class=\"elementor-widget-container\">\n\t\t\t\t\t\t\t\t\t<p align=\"justify\">En LG SERVIS SAS prestamos servicios integrales de ingenier\u00eda, construcci\u00f3n, operaci\u00f3n y mantenimientos de proyectos en los sectores energ\u00eda, petr\u00f3leo y gas, industrial y comercial.<\/p><p align=\"justify\">Nuestra excelencia se basa en el uso de tecnolog\u00eda de punta, un talento humano competente y la mejora continua del sistema integrado de gesti\u00f3n que garantizan el m\u00e1s alto nivel de compromiso y cumplimiento con nuestros clientes.<\/p>\t\t\t\t\t\t\t\t<\/div>\n\t\t\t\t<\/div>\n\t\t\t\t\t<\/div>\n\t\t<\/div>\n\t\t\t\t<div class=\"elementor-column elementor-col-50 elementor-top-column elementor-element elementor-element-7113c2f\" data-id=\"7113c2f\" data-element_type=\"column\" data-e-type=\"column\">\n\t\t\t<div class=\"elementor-widget-wrap elementor-element-populated\">\n\t\t\t\t\t\t<div class=\"elementor-element elementor-element-1bbe572 elementor-view-default elementor-widget elementor-widget-icon\" data-id=\"1bbe572\" data-element_type=\"widget\" data-e-type=\"widget\" data-widget_type=\"icon.default\">\n\t\t\t\t<div class=\"elementor-widget-container\">\n\t\t\t\t\t\t\t<div class=\"elementor-icon-wrapper\">\n\t\t\t<div class=\"elementor-icon elementor-animation-pulse\">\n\t\t\t<i aria-hidden=\"true\" class=\"far fa-compass\"><\/i>\t\t\t<\/div>\n\t\t<\/div>\n\t\t\t\t\t\t<\/div>\n\t\t\t\t<\/div>\n\t\t\t\t<div class=\"elementor-element elementor-element-d9dae3e elementor-widget elementor-widget-heading\" data-id=\"d9dae3e\" data-element_type=\"widget\" data-e-type=\"widget\" data-widget_type=\"heading.default\">\n\t\t\t\t<div class=\"elementor-widget-container\">\n\t\t\t\t\t<h4 class=\"elementor-heading-title elementor-size-default\"><b>Visi\u00f3n<\/b><\/h4>\t\t\t\t<\/div>\n\t\t\t\t<\/div>\n\t\t\t\t<div class=\"elementor-element elementor-element-6e19d86 elementor-widget elementor-widget-text-editor\" data-id=\"6e19d86\" data-element_type=\"widget\" data-e-type=\"widget\" data-widget_type=\"text-editor.default\">\n\t\t\t\t<div class=\"elementor-widget-container\">\n\t\t\t\t\t\t\t\t\t<p align=\"justify\">A mediano plazo ser un referente nacional e internacional en los mercados energ\u00e9ticos, industrial, comercial, petr\u00f3leo y gas; reconocidos por ofrecer soluciones innovadoras y sostenibles que generen valor para nuestros clientes y aliados estrat\u00e9gicos.<\/p><p align=\"justify\">Impulsamos nuestro crecimiento mediante la ampliaci\u00f3n e innovaci\u00f3n del portafolio de servicios, bas\u00e1ndonos en la modernizaci\u00f3n tecnol\u00f3gica, as\u00ed mismo el desarrollo del\u00a0 talento humano y la mejora continua de nuestros procesos, fortaleciendo relaciones de confianza con nuestros grupos de inter\u00e9s.<\/p>\t\t\t\t\t\t\t\t<\/div>\n\t\t\t\t<\/div>\n\t\t\t\t\t<\/div>\n\t\t<\/div>\n\t\t\t\t\t<\/div>\n\t\t<\/section>\n\t\t\t\t<\/div>\n\t\t","protected":false},"excerpt":{"rendered":"<p>LG SERVIS S.A.S. Somos una empresa certificada bajo est\u00e1ndares internacionales ISO 9001:2015, ISO 14001:2015 e ISO 45001:2018 que presta servicios de Ingenier\u00eda El\u00e9ctrica. Somos especialistas&hellip;<\/p>\n","protected":false},"author":1,"featured_media":0,"parent":0,"menu_order":0,"comment_status":"closed","ping_status":"closed","template":"","meta":{"_joinchat":[],"footnotes":""},"class_list":["post-231","page","type-page","status-publish","hentry"],"_links":{"self":[{"href":"https:\/\/www.lgservis.net\/index.php\/wp-json\/wp\/v2\/pages\/231","targetHints":{"allow":["GET"]}}],"collection":[{"href":"https:\/\/www.lgservis.net\/index.php\/wp-json\/wp\/v2\/pages"}],"about":[{"href":"https:\/\/www.lgservis.net\/index.php\/wp-json\/wp\/v2\/types\/page"}],"author":[{"embeddable":true,"href":"https:\/\/www.lgservis.net\/index.php\/wp-json\/wp\/v2\/users\/1"}],"replies":[{"embeddable":true,"href":"https:\/\/www.lgservis.net\/index.php\/wp-json\/wp\/v2\/comments?post=231"}],"version-history":[{"count":35,"href":"https:\/\/www.lgservis.net\/index.php\/wp-json\/wp\/v2\/pages\/231\/revisions"}],"predecessor-version":[{"id":4543,"href":"https:\/\/www.lgservis.net\/index.php\/wp-json\/wp\/v2\/pages\/231\/revisions\/4543"}],"wp:attachment":[{"href":"https:\/\/www.lgservis.net\/index.php\/wp-json\/wp\/v2\/media?parent=231"}],"curies":[{"name":"wp","href":"https:\/\/api.w.org\/{rel}","templated":true}]}}